{"id":20,"date":"2023-10-03T19:12:01","date_gmt":"2023-10-03T19:12:01","guid":{"rendered":"https:\/\/henry.gallery\/?page_id=20"},"modified":"2023-10-06T15:15:26","modified_gmt":"2023-10-06T15:15:26","slug":"impressum","status":"publish","type":"page","link":"https:\/\/henry.gallery\/index.php\/impressum\/","title":{"rendered":"Impressum"},"content":{"rendered":"<p>[et_pb_section fb_built=&#8220;1&#8243; admin_label=&#8220;section&#8220; _builder_version=&#8220;4.16&#8243; global_colors_info=&#8220;{}&#8220;][et_pb_row admin_label=&#8220;row&#8220; _builder_version=&#8220;4.16&#8243; background_size=&#8220;initial&#8220; background_position=&#8220;top_left&#8220; background_repeat=&#8220;repeat&#8220; global_colors_info=&#8220;{}&#8220;][et_pb_column type=&#8220;4_4&#8243; _builder_version=&#8220;4.16&#8243; custom_padding=&#8220;|||&#8220; global_colors_info=&#8220;{}&#8220; custom_padding__hover=&#8220;|||&#8220;][et_pb_text admin_label=&#8220;Text&#8220; _builder_version=&#8220;4.22.2&#8243; background_size=&#8220;initial&#8220; background_position=&#8220;top_left&#8220; background_repeat=&#8220;repeat&#8220; hover_enabled=&#8220;0&#8243; global_colors_info=&#8220;{}&#8220; sticky_enabled=&#8220;0&#8243;]<\/p>\n<p>F\u00fcr den inhalt verantwortlich:<\/p>\n<p>henry rieder<\/p>\n<p>7400 oberwart, austria<\/p>\n<p>anzengrubergasse 9\/8<\/p>\n<p>+43 664 898 07 32<\/p>\n<p><a href=\"mailto:henry@henry.gallery\">henry@henry.gallery<\/a><\/p>\n<p>&nbsp;<\/p>\n<p>Copyright<\/p>\n<p>Alle Daten dieser Website sind urheberrechtlich gesch\u00fctzt. Jede Bearbeitung, Vervielf\u00e4ltigung, Verbreitung und\/oder \u00f6ffentliche Wiedergabe unabh\u00e4ngig vom verwendetem Medium stellt einen Urheberrechtsverstoss dar. F\u00fcr Freigaben wenden Sie sich bitte an: <a href=\"mailto:henry@henry.gallery\">henry@henry.gallery<\/a><\/p>\n<p>&nbsp;<\/p>\n<p>Haftungsausschluss<\/p>\n<p>Trotz sorgf\u00e4ltiger inhaltlicher Kontrolle \u00fcbernehmen wir keine Haftung f\u00fcr die Inhalte externer Links. F\u00fcr den Inhalt der verlinkten Seiten sind ausschlie\u00dflich deren Betreiber verantwortlich.<\/p>\n<p>&nbsp;<\/p>\n<p>Bilder<\/p>\n<p><span>\u00a0(c) henry rieder<\/span><\/p>\n<p><span>Widerrechtlicher Download wird umgehend gerichtlich verfolgt.<\/span><\/p>\n<p><span><\/span><\/p>\n<p>&nbsp;<\/p>\n<p>[\/et_pb_text][\/et_pb_column][\/et_pb_row][\/et_pb_section]<\/p>\n","protected":false},"excerpt":{"rendered":"<p>F\u00fcr den inhalt verantwortlich: henry rieder 7400 oberwart, austria anzengrubergasse 9\/8 +43 664 898 07 32 henry@henry.gallery &nbsp; Copyright Alle Daten dieser Website sind urheberrechtlich gesch\u00fctzt. Jede Bearbeitung, Vervielf\u00e4ltigung, Verbreitung und\/oder \u00f6ffentliche Wiedergabe unabh\u00e4ngig vom verwendetem Medium stellt einen Urheberrechtsverstoss dar. F\u00fcr Freigaben wenden Sie sich bitte an: henry@henry.gallery &nbsp; Haftungsausschluss Trotz sorgf\u00e4ltiger inhaltlicher Kontrolle [&hellip;]<\/p>\n","protected":false},"author":2,"featured_media":0,"parent":0,"menu_order":0,"comment_status":"closed","ping_status":"closed","template":"","meta":{"_et_pb_use_builder":"on","_et_pb_old_content":"[gzd_complaints]","_et_gb_content_width":"1080","footnotes":""},"class_list":["post-20","page","type-page","status-publish","hentry"],"_links":{"self":[{"href":"https:\/\/henry.gallery\/index.php\/wp-json\/wp\/v2\/pages\/20","targetHints":{"allow":["GET"]}}],"collection":[{"href":"https:\/\/henry.gallery\/index.php\/wp-json\/wp\/v2\/pages"}],"about":[{"href":"https:\/\/henry.gallery\/index.php\/wp-json\/wp\/v2\/types\/page"}],"author":[{"embeddable":true,"href":"https:\/\/henry.gallery\/index.php\/wp-json\/wp\/v2\/users\/2"}],"replies":[{"embeddable":true,"href":"https:\/\/henry.gallery\/index.php\/wp-json\/wp\/v2\/comments?post=20"}],"version-history":[{"count":9,"href":"https:\/\/henry.gallery\/index.php\/wp-json\/wp\/v2\/pages\/20\/revisions"}],"predecessor-version":[{"id":250,"href":"https:\/\/henry.gallery\/index.php\/wp-json\/wp\/v2\/pages\/20\/revisions\/250"}],"wp:attachment":[{"href":"https:\/\/henry.gallery\/index.php\/wp-json\/wp\/v2\/media?parent=20"}],"curies":[{"name":"wp","href":"https:\/\/api.w.org\/{rel}","templated":true}]}}