{"id":276,"date":"2023-10-13T14:05:55","date_gmt":"2023-10-13T14:05:55","guid":{"rendered":"https:\/\/henry.gallery\/?post_type=product&#038;p=276"},"modified":"2023-10-13T14:05:55","modified_gmt":"2023-10-13T14:05:55","slug":"harmony-in-chaos","status":"publish","type":"product","link":"https:\/\/henry.gallery\/index.php\/product\/harmony-in-chaos\/","title":{"rendered":"Harmony in Chaos"},"content":{"rendered":"<p>Dieses 80x80cm. gro\u00dfe Acrylgem\u00e4lde wurde von mir mit feinsten, lichtbest\u00e4ndigen Acrylfarben auf hochwertige 380g. Leinwand gemalt und auf einem Keilrahmen befestigt.Das Bild ist ein Original (Unikat),es ist auch an den Seiten bemalt so das man es ohne Rahmen aufh\u00e4ngen kann, auch wurden mehrere Schichten Schutzfirnis aufgebracht.Dank der harmonischen,eleganten Farbwahl passt es in jedes Ambiente.<\/p>\n<p>Obwohl ich all meine Bilder bei Tageslicht mit einer Digitalkamera fotografiere, kann es zu leichten Farbabweichungen kommen, auch aufgrund der verschiedenen Monitoreinstellungen.<\/p>\n<p>Die Versandkosten sind EU weit inkludiert..<\/p>\n","protected":false},"excerpt":{"rendered":"<p>Acryl auf Keilrahmen 80&#215;80<\/p>\n","protected":false},"featured_media":277,"template":"","meta":{"_et_pb_use_builder":"","_et_pb_old_content":"","_et_gb_content_width":""},"product_cat":[21],"product_tag":[],"class_list":{"0":"post-276","1":"product","2":"type-product","3":"status-publish","4":"has-post-thumbnail","6":"product_cat-acryl","8":"first","9":"instock","10":"shipping-taxable","11":"purchasable","12":"product-type-simple"},"_links":{"self":[{"href":"https:\/\/henry.gallery\/index.php\/wp-json\/wp\/v2\/product\/276","targetHints":{"allow":["GET"]}}],"collection":[{"href":"https:\/\/henry.gallery\/index.php\/wp-json\/wp\/v2\/product"}],"about":[{"href":"https:\/\/henry.gallery\/index.php\/wp-json\/wp\/v2\/types\/product"}],"wp:featuredmedia":[{"embeddable":true,"href":"https:\/\/henry.gallery\/index.php\/wp-json\/wp\/v2\/media\/277"}],"wp:attachment":[{"href":"https:\/\/henry.gallery\/index.php\/wp-json\/wp\/v2\/media?parent=276"}],"wp:term":[{"taxonomy":"product_cat","embeddable":true,"href":"https:\/\/henry.gallery\/index.php\/wp-json\/wp\/v2\/product_cat?post=276"},{"taxonomy":"product_tag","embeddable":true,"href":"https:\/\/henry.gallery\/index.php\/wp-json\/wp\/v2\/product_tag?post=276"}],"curies":[{"name":"wp","href":"https:\/\/api.w.org\/{rel}","templated":true}]}}